{"id":173,"date":"2015-03-10T10:00:44","date_gmt":"2015-03-10T09:00:44","guid":{"rendered":"http:\/\/sturehof-subsite-old.wetail.dev\/om-oss\/koncept\/"},"modified":"2016-10-28T14:51:38","modified_gmt":"2016-10-28T12:51:38","slug":"concept","status":"publish","type":"page","link":"https:\/\/sturehof-subsite-old.wetail.dev\/en\/about\/concept\/","title":{"rendered":"Concept"},"content":{"rendered":"<p class=\"excerpt\">Sturehof \u2019s history spans over a century. It all started in 1897, when Ernst Marcus opened the German-style beer hall, Malta. In 1905, Marcus changed the name to Sturehof and the Marcus family ran the restaurant until 1976. Sturehof \u2019s current owners have drawn great inspiration from this era in terms of interior design, food, ambiance and service.<\/p>\n<p>The inauguration of Kungsgatan in 1911 was the start of Stockholm\u2019s transformation into a big city. Stureplan became a key meeting point for affluent Stockholmers. Thanks to the Marcus brothers\u2019 extensive travel and experience in working abroad, Sturehof was transformed into Stockholm\u2019s first seafood restaurant. A combination of courage and innovative ideas lay behind the success of Marcus\u2019 new concept. Fresh seafood was sourced from Marcus\u2019 relatives living on the island of M\u00f6ja in the Stockholm archipelago and on the west coast of Sweden.<\/p>\n<p class=\"info-box\">On the south side lies Sturehof as a landmark with the terrace sheltered by the fish-adorned awning.<\/p>\n<p>People mainly drank beer in those days. However, the Marcus brothers had accumulated a cellar full of wine imported during their extensive travels, which is one of the reasons that Sturehof became associated with wine.<\/p>\n<p>Many of the items featured on the menu today \u2013 such as Bouillabaisse, Sotare (grilled Baltic Herring), assiettes assorties, str\u00f6mming (small fried Baltic herring), turbot with browned butter and the daily selection of other Swedish husmanskost (traditional fare) \u2013 date back to the restaurant\u2019s early days. In April 1995, Sturehof was acquired by PG Nilsson (who also owned Tranan, another renowned Stockholm restaurant and bar) in collaboration with Pelle and Bj\u00f6rn Stur\u00e9n, Niclas and H\u00e5kan Erikson and Staffan Lindgren, all owners of PA &amp; Co. Designer Jonas Bohlin was brought in as artistic director to restore Sturehof to its former glory and revamp the restaurant into what it is today.<\/p>\n","protected":false},"excerpt":{"rendered":"<p>Sturehof \u2019s history spans over a century. It all started in 1897, when Ernst Marcus opened the German-style beer hall, Malta. In 1905, Marcus changed the name to Sturehof and the Marcus family ran the restaurant until 1976. Sturehof \u2019s current owners have drawn great inspiration from this era in terms of interior design, food,&#8230; <a class=\"moretag\" href=\"https:\/\/sturehof-subsite-old.wetail.dev\/en\/about\/concept\/\"><strong>L\u00e4s mer<\/strong><\/a><\/p>\n","protected":false},"author":1,"featured_media":801,"parent":172,"menu_order":3,"comment_status":"closed","ping_status":"closed","template":"template-tabbed-page.php","meta":[],"acf":[],"yoast_head":"<!-- This site is optimized with the Yoast SEO plugin v19.11 - https:\/\/yoast.com\/wordpress\/plugins\/seo\/ -->\n<title>Concept - Sturehof<\/title>\n<meta name=\"robots\" content=\"noindex, follow, max-snippet:-1, max-image-preview:large, max-video-preview:-1\" \/>\n<meta property=\"og:locale\" content=\"en_US\" \/>\n<meta property=\"og:type\" content=\"article\" \/>\n<meta property=\"og:title\" content=\"Concept - Sturehof\" \/>\n<meta property=\"og:description\" content=\"Sturehof \u2019s history spans over a century. It all started in 1897, when Ernst Marcus opened the German-style beer hall, Malta. In 1905, Marcus changed the name to Sturehof and the Marcus family ran the restaurant until 1976. Sturehof \u2019s current owners have drawn great inspiration from this era in terms of interior design, food,... L\u00e4s mer\" \/>\n<meta property=\"og:url\" content=\"https:\/\/sturehof-subsite-old.wetail.dev\/en\/about\/concept\/\" \/>\n<meta property=\"og:site_name\" content=\"Sturehof\" \/>\n<meta property=\"article:modified_time\" content=\"2016-10-28T12:51:38+00:00\" \/>\n<meta property=\"og:image\" content=\"https:\/\/sturehof-subsite-old.wetail.dev\/wp-content\/uploads\/2015\/03\/Pinnen_Lokalen_Anna-Hjortheden.png\" \/>\n\t<meta property=\"og:image:width\" content=\"1000\" \/>\n\t<meta property=\"og:image:height\" content=\"470\" \/>\n\t<meta property=\"og:image:type\" content=\"image\/png\" \/>\n<meta name=\"twitter:label1\" content=\"Est. reading time\" \/>\n\t<meta name=\"twitter:data1\" content=\"2 minutes\" \/>\n<script type=\"application\/ld+json\" class=\"yoast-schema-graph\">{\"@context\":\"https:\/\/schema.org\",\"@graph\":[{\"@type\":\"WebPage\",\"@id\":\"https:\/\/sturehof-subsite-old.wetail.dev\/en\/about\/concept\/\",\"url\":\"https:\/\/sturehof-subsite-old.wetail.dev\/en\/about\/concept\/\",\"name\":\"Concept - Sturehof\",\"isPartOf\":{\"@id\":\"https:\/\/sturehof-subsite-old.wetail.dev\/#website\"},\"datePublished\":\"2015-03-10T09:00:44+00:00\",\"dateModified\":\"2016-10-28T12:51:38+00:00\",\"breadcrumb\":{\"@id\":\"https:\/\/sturehof-subsite-old.wetail.dev\/en\/about\/concept\/#breadcrumb\"},\"inLanguage\":\"en-US\",\"potentialAction\":[{\"@type\":\"ReadAction\",\"target\":[\"https:\/\/sturehof-subsite-old.wetail.dev\/en\/about\/concept\/\"]}]},{\"@type\":\"BreadcrumbList\",\"@id\":\"https:\/\/sturehof-subsite-old.wetail.dev\/en\/about\/concept\/#breadcrumb\",\"itemListElement\":[{\"@type\":\"ListItem\",\"position\":1,\"name\":\"Hem\",\"item\":\"https:\/\/sturehof-subsite-old.wetail.dev\/en\/\"},{\"@type\":\"ListItem\",\"position\":2,\"name\":\"About\",\"item\":\"https:\/\/sturehof-subsite-old.wetail.dev\/en\/about\/\"},{\"@type\":\"ListItem\",\"position\":3,\"name\":\"Concept\"}]},{\"@type\":\"WebSite\",\"@id\":\"https:\/\/sturehof-subsite-old.wetail.dev\/#website\",\"url\":\"https:\/\/sturehof-subsite-old.wetail.dev\/\",\"name\":\"Sturehof\",\"description\":\"En till Svenska Brasserier Webbplatser webbplats\",\"potentialAction\":[{\"@type\":\"SearchAction\",\"target\":{\"@type\":\"EntryPoint\",\"urlTemplate\":\"https:\/\/sturehof-subsite-old.wetail.dev\/?s={search_term_string}\"},\"query-input\":\"required name=search_term_string\"}],\"inLanguage\":\"en-US\"}]}<\/script>\n<!-- \/ Yoast SEO plugin. -->","yoast_head_json":{"title":"Concept - Sturehof","robots":{"index":"noindex","follow":"follow","max-snippet":"max-snippet:-1","max-image-preview":"max-image-preview:large","max-video-preview":"max-video-preview:-1"},"og_locale":"en_US","og_type":"article","og_title":"Concept - Sturehof","og_description":"Sturehof \u2019s history spans over a century. It all started in 1897, when Ernst Marcus opened the German-style beer hall, Malta. In 1905, Marcus changed the name to Sturehof and the Marcus family ran the restaurant until 1976. Sturehof \u2019s current owners have drawn great inspiration from this era in terms of interior design, food,... L\u00e4s mer","og_url":"https:\/\/sturehof-subsite-old.wetail.dev\/en\/about\/concept\/","og_site_name":"Sturehof","article_modified_time":"2016-10-28T12:51:38+00:00","og_image":[{"width":1000,"height":470,"url":"https:\/\/sturehof-subsite-old.wetail.dev\/wp-content\/uploads\/2015\/03\/Pinnen_Lokalen_Anna-Hjortheden.png","type":"image\/png"}],"twitter_misc":{"Est. reading time":"2 minutes"},"schema":{"@context":"https:\/\/schema.org","@graph":[{"@type":"WebPage","@id":"https:\/\/sturehof-subsite-old.wetail.dev\/en\/about\/concept\/","url":"https:\/\/sturehof-subsite-old.wetail.dev\/en\/about\/concept\/","name":"Concept - Sturehof","isPartOf":{"@id":"https:\/\/sturehof-subsite-old.wetail.dev\/#website"},"datePublished":"2015-03-10T09:00:44+00:00","dateModified":"2016-10-28T12:51:38+00:00","breadcrumb":{"@id":"https:\/\/sturehof-subsite-old.wetail.dev\/en\/about\/concept\/#breadcrumb"},"inLanguage":"en-US","potentialAction":[{"@type":"ReadAction","target":["https:\/\/sturehof-subsite-old.wetail.dev\/en\/about\/concept\/"]}]},{"@type":"BreadcrumbList","@id":"https:\/\/sturehof-subsite-old.wetail.dev\/en\/about\/concept\/#breadcrumb","itemListElement":[{"@type":"ListItem","position":1,"name":"Hem","item":"https:\/\/sturehof-subsite-old.wetail.dev\/en\/"},{"@type":"ListItem","position":2,"name":"About","item":"https:\/\/sturehof-subsite-old.wetail.dev\/en\/about\/"},{"@type":"ListItem","position":3,"name":"Concept"}]},{"@type":"WebSite","@id":"https:\/\/sturehof-subsite-old.wetail.dev\/#website","url":"https:\/\/sturehof-subsite-old.wetail.dev\/","name":"Sturehof","description":"En till Svenska Brasserier Webbplatser webbplats","potentialAction":[{"@type":"SearchAction","target":{"@type":"EntryPoint","urlTemplate":"https:\/\/sturehof-subsite-old.wetail.dev\/?s={search_term_string}"},"query-input":"required name=search_term_string"}],"inLanguage":"en-US"}]}},"_links":{"self":[{"href":"https:\/\/sturehof-subsite-old.wetail.dev\/en\/wp-json\/wp\/v2\/pages\/173"}],"collection":[{"href":"https:\/\/sturehof-subsite-old.wetail.dev\/en\/wp-json\/wp\/v2\/pages"}],"about":[{"href":"https:\/\/sturehof-subsite-old.wetail.dev\/en\/wp-json\/wp\/v2\/types\/page"}],"author":[{"embeddable":true,"href":"https:\/\/sturehof-subsite-old.wetail.dev\/en\/wp-json\/wp\/v2\/users\/1"}],"replies":[{"embeddable":true,"href":"https:\/\/sturehof-subsite-old.wetail.dev\/en\/wp-json\/wp\/v2\/comments?post=173"}],"version-history":[{"count":0,"href":"https:\/\/sturehof-subsite-old.wetail.dev\/en\/wp-json\/wp\/v2\/pages\/173\/revisions"}],"up":[{"embeddable":true,"href":"https:\/\/sturehof-subsite-old.wetail.dev\/en\/wp-json\/wp\/v2\/pages\/172"}],"wp:featuredmedia":[{"embeddable":true,"href":"https:\/\/sturehof-subsite-old.wetail.dev\/en\/wp-json\/wp\/v2\/media\/801"}],"wp:attachment":[{"href":"https:\/\/sturehof-subsite-old.wetail.dev\/en\/wp-json\/wp\/v2\/media?parent=173"}],"curies":[{"name":"wp","href":"https:\/\/api.w.org\/{rel}","templated":true}]}}